{"id":3195,"date":"2022-06-09T21:56:58","date_gmt":"2022-06-09T19:56:58","guid":{"rendered":"https:\/\/www.granparadis.com\/biker-cabrio\/"},"modified":"2025-11-25T09:47:26","modified_gmt":"2025-11-25T07:47:26","slug":"biker-cabrio","status":"publish","type":"page","link":"https:\/\/www.granparadis.com\/de\/angebote\/biker-cabrio\/","title":{"rendered":"Biker e Cabrio"},"content":{"rendered":"\t\t<div data-elementor-type=\"wp-page\" data-elementor-id=\"3195\" class=\"elementor elementor-3195 elementor-1123\" data-elementor-post-type=\"page\">\n\t\t\t\t\t\t<section class=\"elementor-section elementor-top-section elementor-element elementor-element-9b35185 elementor-section-boxed elementor-section-height-default elementor-section-height-default\" data-id=\"9b35185\" data-element_type=\"section\" data-e-type=\"section\" data-settings=\"{&quot;background_background&quot;:&quot;classic&quot;}\">\n\t\t\t\t\t\t<div class=\"elementor-container elementor-column-gap-default\">\n\t\t\t\t\t<div class=\"elementor-column elementor-col-100 elementor-top-column elementor-element elementor-element-df97f26\" data-id=\"df97f26\" data-element_type=\"column\" data-e-type=\"column\">\n\t\t\t<div class=\"elementor-widget-wrap elementor-element-populated\">\n\t\t\t\t\t\t<div class=\"elementor-element elementor-element-0ce5ea7 elementor-widget elementor-widget-spacer\" data-id=\"0ce5ea7\" data-element_type=\"widget\" data-e-type=\"widget\" data-widget_type=\"spacer.default\">\n\t\t\t\t<div class=\"elementor-widget-container\">\n\t\t\t\t\t\t\t<div class=\"elementor-spacer\">\n\t\t\t<div class=\"elementor-spacer-inner\"><\/div>\n\t\t<\/div>\n\t\t\t\t\t\t<\/div>\n\t\t\t\t<\/div>\n\t\t\t\t\t<\/div>\n\t\t<\/div>\n\t\t\t\t\t<\/div>\n\t\t<\/section>\n\t\t\t\t<section class=\"elementor-section elementor-top-section elementor-element elementor-element-db36a25 elementor-section-boxed elementor-section-height-default elementor-section-height-default\" data-id=\"db36a25\" data-element_type=\"section\" data-e-type=\"section\">\n\t\t\t\t\t\t<div class=\"elementor-container elementor-column-gap-default\">\n\t\t\t\t\t<div class=\"elementor-column elementor-col-100 elementor-top-column elementor-element elementor-element-c5c901d\" data-id=\"c5c901d\" data-element_type=\"column\" data-e-type=\"column\">\n\t\t\t<div class=\"elementor-widget-wrap elementor-element-populated\">\n\t\t\t\t\t\t<div class=\"elementor-element elementor-element-9e2c6ff elementor-invisible elementor-widget elementor-widget-heading\" data-id=\"9e2c6ff\" data-element_type=\"widget\" data-e-type=\"widget\" data-settings=\"{&quot;_animation&quot;:&quot;fadeInLeft&quot;}\" data-widget_type=\"heading.default\">\n\t\t\t\t<div class=\"elementor-widget-container\">\n\t\t\t\t\t<h1 class=\"elementor-heading-title elementor-size-default\">Biker und Cabrio<\/h1>\t\t\t\t<\/div>\n\t\t\t\t<\/div>\n\t\t\t\t\t<\/div>\n\t\t<\/div>\n\t\t\t\t\t<\/div>\n\t\t<\/section>\n\t\t\t\t<section class=\"elementor-section elementor-top-section elementor-element elementor-element-a4218ea elementor-section-boxed elementor-section-height-default elementor-section-height-default\" data-id=\"a4218ea\" data-element_type=\"section\" data-e-type=\"section\">\n\t\t\t\t\t\t<div class=\"elementor-container elementor-column-gap-default\">\n\t\t\t\t\t<div class=\"elementor-column elementor-col-100 elementor-top-column elementor-element elementor-element-b931c29\" data-id=\"b931c29\" data-element_type=\"column\" data-e-type=\"column\" data-settings=\"{&quot;background_background&quot;:&quot;classic&quot;}\">\n\t\t\t<div class=\"elementor-widget-wrap elementor-element-populated\">\n\t\t\t\t\t\t<div class=\"elementor-element elementor-element-0136811 elementor-invisible elementor-widget elementor-widget-heading\" data-id=\"0136811\" data-element_type=\"widget\" data-e-type=\"widget\" data-settings=\"{&quot;_animation&quot;:&quot;fadeInLeft&quot;}\" data-widget_type=\"heading.default\">\n\t\t\t\t<div class=\"elementor-widget-container\">\n\t\t\t\t\t<span class=\"elementor-heading-title elementor-size-default\">28.05. - 05.10.2026<\/span>\t\t\t\t<\/div>\n\t\t\t\t<\/div>\n\t\t\t\t<div class=\"elementor-element elementor-element-ac61e34 elementor-widget elementor-widget-image\" data-id=\"ac61e34\" data-element_type=\"widget\" data-e-type=\"widget\" data-widget_type=\"image.default\">\n\t\t\t\t<div class=\"elementor-widget-container\">\n\t\t\t\t\t\t\t\t\t\t\t\t\t\t\t<img fetchpriority=\"high\" decoding=\"async\" width=\"2500\" height=\"1667\" src=\"https:\/\/www.granparadis.com\/wp-content\/uploads\/2025\/11\/056_KurvenundKnoedel_Suedtirol_JUN2025_CManuelPale_25001.jpg\" class=\"attachment-full size-full wp-image-9261\" alt=\"\" srcset=\"https:\/\/www.granparadis.com\/wp-content\/uploads\/2025\/11\/056_KurvenundKnoedel_Suedtirol_JUN2025_CManuelPale_25001.jpg 2500w, https:\/\/www.granparadis.com\/wp-content\/uploads\/2025\/11\/056_KurvenundKnoedel_Suedtirol_JUN2025_CManuelPale_25001-300x200.jpg 300w, https:\/\/www.granparadis.com\/wp-content\/uploads\/2025\/11\/056_KurvenundKnoedel_Suedtirol_JUN2025_CManuelPale_25001-1024x683.jpg 1024w, https:\/\/www.granparadis.com\/wp-content\/uploads\/2025\/11\/056_KurvenundKnoedel_Suedtirol_JUN2025_CManuelPale_25001-768x512.jpg 768w, https:\/\/www.granparadis.com\/wp-content\/uploads\/2025\/11\/056_KurvenundKnoedel_Suedtirol_JUN2025_CManuelPale_25001-1536x1024.jpg 1536w, https:\/\/www.granparadis.com\/wp-content\/uploads\/2025\/11\/056_KurvenundKnoedel_Suedtirol_JUN2025_CManuelPale_25001-2048x1366.jpg 2048w\" sizes=\"(max-width: 2500px) 100vw, 2500px\" \/>\t\t\t\t\t\t\t\t\t\t\t\t\t\t\t<\/div>\n\t\t\t\t<\/div>\n\t\t\t\t\t<\/div>\n\t\t<\/div>\n\t\t\t\t\t<\/div>\n\t\t<\/section>\n\t\t\t\t<section class=\"elementor-section elementor-top-section elementor-element elementor-element-5d26917 elementor-section-boxed elementor-section-height-default elementor-section-height-default\" data-id=\"5d26917\" data-element_type=\"section\" data-e-type=\"section\">\n\t\t\t\t\t\t<div class=\"elementor-container elementor-column-gap-default\">\n\t\t\t\t\t<div class=\"elementor-column elementor-col-100 elementor-top-column elementor-element elementor-element-0961c3e\" data-id=\"0961c3e\" data-element_type=\"column\" data-e-type=\"column\">\n\t\t\t<div class=\"elementor-widget-wrap elementor-element-populated\">\n\t\t\t\t\t\t<div class=\"elementor-element elementor-element-93b50bf elementor-widget elementor-widget-shortcode\" data-id=\"93b50bf\" data-element_type=\"widget\" data-e-type=\"widget\" data-widget_type=\"shortcode.default\">\n\t\t\t\t<div class=\"elementor-widget-container\">\n\t\t\t\t\t\t\t<div class=\"elementor-shortcode\">\n<table id=\"tablepress-8\" class=\"tablepress tablepress-id-8\">\n<thead>\n<tr class=\"row-1\">\n\t<th class=\"column-1\">Sommer 2026<\/th><th class=\"column-2\">28.05-10.07<br \/>\n12.09-05.10<\/th><th class=\"column-3\">11.07-07.08<br \/>\n21.08-11.09<\/th><th class=\"column-4\">08.08-21.08 <br \/>\nFerragosto<\/th>\n<\/tr>\n<\/thead>\n<tbody class=\"row-hover\">\n<tr class=\"row-2\">\n\t<td class=\"column-1\">7 N\u00e4chte<\/td><td class=\"column-2\">ab \u20ac 790,00<\/td><td class=\"column-3\">ab \u20ac 860,00<\/td><td class=\"column-4\">ab \u20ac 930,00<\/td>\n<\/tr>\n<tr class=\"row-3\">\n\t<td class=\"column-1\">4 N\u00e4chte<\/td><td class=\"column-2\">ab \u20ac 460,00<\/td><td class=\"column-3\">ab \u20ac 510,00<\/td><td class=\"column-4\">ab \u20ac 540,00<\/td>\n<\/tr>\n<tr class=\"row-4\">\n\t<td class=\"column-1\">1 Nacht<\/td><td class=\"column-2\">ab \u20ac 120,00<\/td><td class=\"column-3\">ab \u20ac 13300<\/td><td class=\"column-4\">ab \u20ac 143,00<\/td>\n<\/tr>\n<\/tbody>\n<\/table>\n<!-- #tablepress-8 from cache --><\/div>\n\t\t\t\t\t\t<\/div>\n\t\t\t\t<\/div>\n\t\t\t\t\t<\/div>\n\t\t<\/div>\n\t\t\t\t\t<\/div>\n\t\t<\/section>\n\t\t\t\t<section class=\"elementor-section elementor-top-section elementor-element elementor-element-745476a elementor-section-boxed elementor-section-height-default elementor-section-height-default\" data-id=\"745476a\" data-element_type=\"section\" data-e-type=\"section\">\n\t\t\t\t\t\t<div class=\"elementor-container elementor-column-gap-default\">\n\t\t\t\t\t<div class=\"elementor-column elementor-col-100 elementor-top-column elementor-element elementor-element-1619d08\" data-id=\"1619d08\" data-element_type=\"column\" data-e-type=\"column\" data-settings=\"{&quot;background_background&quot;:&quot;classic&quot;}\">\n\t\t\t<div class=\"elementor-widget-wrap elementor-element-populated\">\n\t\t\t\t\t\t<div class=\"elementor-element elementor-element-35d06d0 elementor-widget elementor-widget-text-editor\" data-id=\"35d06d0\" data-element_type=\"widget\" data-e-type=\"widget\" data-widget_type=\"text-editor.default\">\n\t\t\t\t<div class=\"elementor-widget-container\">\n\t\t\t\t\t\t\t\t\t<p>Mit Halbpension pro Person und Tag im Doppelzimmer Standard mit Dusche oder Badewanne, WC, F\u00f6hn, Radio, Durchwahltelefon, Safe, TV-Sat und Balkon. Swimmingpool, Garten-Spa mit Whirlpool, Fitnessraum,Wellnessbereich und Bademantelben\u00fctzung inbegriffen.<\/p><p>SOMMERSPECIAL ab 4-7 N\u00e4chte inklusive: 1 begleitete Tour am Donnesrtag, 1 Roadbook pro Zimmer.<br \/>HERBSTSPECIAL * ab 20.09 ab 4-7 N\u00e4chte inklusive: 1 begleitete Tour am Donnestag, 1 Roadbook pro Zimmer, 1 Abend mit Weinverkostung im Weinkeller.<br \/>Einzelzimmerzuschlag: \u20ac 10,00 pro Tag.<br \/>Kindererm\u00e4\u00dfigung bis 12 Jahre im Elternzimmer: 30-50%.<br \/>Sonderangebote f\u00fcr Gruppen.<\/p><p>Das Angebot ist nicht kombinierbar mit anderen Angeboten.<\/p>\t\t\t\t\t\t\t\t<\/div>\n\t\t\t\t<\/div>\n\t\t\t\t<section class=\"elementor-section elementor-inner-section elementor-element elementor-element-376f65b elementor-section-boxed elementor-section-height-default elementor-section-height-default\" data-id=\"376f65b\" data-element_type=\"section\" data-e-type=\"section\">\n\t\t\t\t\t\t<div class=\"elementor-container elementor-column-gap-default\">\n\t\t\t\t\t<div class=\"elementor-column elementor-col-50 elementor-inner-column elementor-element elementor-element-4f21be9\" data-id=\"4f21be9\" data-element_type=\"column\" data-e-type=\"column\">\n\t\t\t<div class=\"elementor-widget-wrap elementor-element-populated\">\n\t\t\t\t\t\t<div class=\"elementor-element elementor-element-7f8c4f7 elementor-align-center elementor-widget elementor-widget-button\" data-id=\"7f8c4f7\" data-element_type=\"widget\" data-e-type=\"widget\" data-widget_type=\"button.default\">\n\t\t\t\t<div class=\"elementor-widget-container\">\n\t\t\t\t\t\t\t\t\t<div class=\"elementor-button-wrapper\">\n\t\t\t\t\t<a class=\"elementor-button elementor-button-link elementor-size-sm\" href=\"https:\/\/www.granparadis.com\/de\/buchen\/\">\n\t\t\t\t\t\t<span class=\"elementor-button-content-wrapper\">\n\t\t\t\t\t\t\t\t\t<span class=\"elementor-button-text\">BUCHEN<\/span>\n\t\t\t\t\t<\/span>\n\t\t\t\t\t<\/a>\n\t\t\t\t<\/div>\n\t\t\t\t\t\t\t\t<\/div>\n\t\t\t\t<\/div>\n\t\t\t\t\t<\/div>\n\t\t<\/div>\n\t\t\t\t<div class=\"elementor-column elementor-col-50 elementor-inner-column elementor-element elementor-element-e1ed96f\" data-id=\"e1ed96f\" data-element_type=\"column\" data-e-type=\"column\">\n\t\t\t<div class=\"elementor-widget-wrap elementor-element-populated\">\n\t\t\t\t\t\t<div class=\"elementor-element elementor-element-1b2f068 elementor-align-center elementor-widget elementor-widget-button\" data-id=\"1b2f068\" data-element_type=\"widget\" data-e-type=\"widget\" data-widget_type=\"button.default\">\n\t\t\t\t<div class=\"elementor-widget-container\">\n\t\t\t\t\t\t\t\t\t<div class=\"elementor-button-wrapper\">\n\t\t\t\t\t<a class=\"elementor-button elementor-button-link elementor-size-sm\" href=\"\/de\/anfrage\">\n\t\t\t\t\t\t<span class=\"elementor-button-content-wrapper\">\n\t\t\t\t\t\t\t\t\t<span class=\"elementor-button-text\">ANFRAGE<\/span>\n\t\t\t\t\t<\/span>\n\t\t\t\t\t<\/a>\n\t\t\t\t<\/div>\n\t\t\t\t\t\t\t\t<\/div>\n\t\t\t\t<\/div>\n\t\t\t\t\t<\/div>\n\t\t<\/div>\n\t\t\t\t\t<\/div>\n\t\t<\/section>\n\t\t\t\t\t<\/div>\n\t\t<\/div>\n\t\t\t\t\t<\/div>\n\t\t<\/section>\n\t\t\t\t<section class=\"elementor-section elementor-top-section elementor-element elementor-element-a418550 elementor-section-boxed elementor-section-height-default elementor-section-height-default\" data-id=\"a418550\" data-element_type=\"section\" data-e-type=\"section\">\n\t\t\t\t\t\t<div class=\"elementor-container elementor-column-gap-default\">\n\t\t\t\t\t<div class=\"elementor-column elementor-col-100 elementor-top-column elementor-element elementor-element-7939e6f\" data-id=\"7939e6f\" data-element_type=\"column\" data-e-type=\"column\">\n\t\t\t<div class=\"elementor-widget-wrap elementor-element-populated\">\n\t\t\t\t\t\t<div class=\"elementor-element elementor-element-cd6ea92 elementor-align-center elementor-widget elementor-widget-button\" data-id=\"cd6ea92\" data-element_type=\"widget\" data-e-type=\"widget\" data-widget_type=\"button.default\">\n\t\t\t\t<div class=\"elementor-widget-container\">\n\t\t\t\t\t\t\t\t\t<div class=\"elementor-button-wrapper\">\n\t\t\t\t\t<a class=\"elementor-button elementor-button-link elementor-size-sm\" href=\"\/de\/angebote\">\n\t\t\t\t\t\t<span class=\"elementor-button-content-wrapper\">\n\t\t\t\t\t\t\t\t\t<span class=\"elementor-button-text\">ALLE ANGEBOTE<\/span>\n\t\t\t\t\t<\/span>\n\t\t\t\t\t<\/a>\n\t\t\t\t<\/div>\n\t\t\t\t\t\t\t\t<\/div>\n\t\t\t\t<\/div>\n\t\t\t\t\t<\/div>\n\t\t<\/div>\n\t\t\t\t\t<\/div>\n\t\t<\/section>\n\t\t\t\t<\/div>\n\t\t","protected":false},"excerpt":{"rendered":"<p>Biker und Cabrio 28.05. &#8211; 05.10.2026 Mit Halbpension pro Person und Tag im Doppelzimmer Standard mit Dusche oder Badewanne, WC, F\u00f6hn, Radio, Durchwahltelefon, Safe, TV-Sat und Balkon. Swimmingpool, Garten-Spa mit Whirlpool, Fitnessraum,Wellnessbereich und Bademantelben\u00fctzung inbegriffen. SOMMERSPECIAL ab 4-7 N\u00e4chte inklusive: 1 begleitete Tour am Donnesrtag, 1 Roadbook pro Zimmer.HERBSTSPECIAL * ab 20.09 ab 4-7 N\u00e4chte [&hellip;]<\/p>\n","protected":false},"author":2,"featured_media":0,"parent":3245,"menu_order":0,"comment_status":"closed","ping_status":"closed","template":"elementor_header_footer","meta":{"inline_featured_image":false,"site-sidebar-layout":"no-sidebar","site-content-layout":"page-builder","ast-site-content-layout":"default","site-content-style":"default","site-sidebar-style":"default","ast-global-header-display":"","ast-banner-title-visibility":"","ast-main-header-display":"","ast-hfb-above-header-display":"","ast-hfb-below-header-display":"","ast-hfb-mobile-header-display":"","site-post-title":"disabled","ast-breadcrumbs-content":"","ast-featured-img":"disabled","footer-sml-layout":"","ast-disable-related-posts":"","theme-transparent-header-meta":"","adv-header-id-meta":"","stick-header-meta":"","header-above-stick-meta":"","header-main-stick-meta":"","header-below-stick-meta":"","astra-migrate-meta-layouts":"default","ast-page-background-enabled":"default","ast-page-background-meta":{"desktop":{"background-color":"var(--ast-global-color-4)","background-image":"","background-repeat":"repeat","background-position":"center center","background-size":"auto","background-attachment":"scroll","background-type":"","background-media":"","overlay-type":"","overlay-color":"","overlay-opacity":"","overlay-gradient":""},"tablet":{"background-color":"","background-image":"","background-repeat":"repeat","background-position":"center center","background-size":"auto","background-attachment":"scroll","background-type":"","background-media":"","overlay-type":"","overlay-color":"","overlay-opacity":"","overlay-gradient":""},"mobile":{"background-color":"","background-image":"","background-repeat":"repeat","background-position":"center center","background-size":"auto","background-attachment":"scroll","background-type":"","background-media":"","overlay-type":"","overlay-color":"","overlay-opacity":"","overlay-gradient":""}},"ast-content-background-meta":{"desktop":{"background-color":"var(--ast-global-color-5)","background-image":"","background-repeat":"repeat","background-position":"center center","background-size":"auto","background-attachment":"scroll","background-type":"","background-media":"","overlay-type":"","overlay-color":"","overlay-opacity":"","overlay-gradient":""},"tablet":{"background-color":"var(--ast-global-color-5)","background-image":"","background-repeat":"repeat","background-position":"center center","background-size":"auto","background-attachment":"scroll","background-type":"","background-media":"","overlay-type":"","overlay-color":"","overlay-opacity":"","overlay-gradient":""},"mobile":{"background-color":"var(--ast-global-color-5)","background-image":"","background-repeat":"repeat","background-position":"center center","background-size":"auto","background-attachment":"scroll","background-type":"","background-media":"","overlay-type":"","overlay-color":"","overlay-opacity":"","overlay-gradient":""}},"footnotes":""},"class_list":["post-3195","page","type-page","status-publish","hentry"],"_links":{"self":[{"href":"https:\/\/www.granparadis.com\/de\/wp-json\/wp\/v2\/pages\/3195","targetHints":{"allow":["GET"]}}],"collection":[{"href":"https:\/\/www.granparadis.com\/de\/wp-json\/wp\/v2\/pages"}],"about":[{"href":"https:\/\/www.granparadis.com\/de\/wp-json\/wp\/v2\/types\/page"}],"author":[{"embeddable":true,"href":"https:\/\/www.granparadis.com\/de\/wp-json\/wp\/v2\/users\/2"}],"replies":[{"embeddable":true,"href":"https:\/\/www.granparadis.com\/de\/wp-json\/wp\/v2\/comments?post=3195"}],"version-history":[{"count":9,"href":"https:\/\/www.granparadis.com\/de\/wp-json\/wp\/v2\/pages\/3195\/revisions"}],"predecessor-version":[{"id":9273,"href":"https:\/\/www.granparadis.com\/de\/wp-json\/wp\/v2\/pages\/3195\/revisions\/9273"}],"up":[{"embeddable":true,"href":"https:\/\/www.granparadis.com\/de\/wp-json\/wp\/v2\/pages\/3245"}],"wp:attachment":[{"href":"https:\/\/www.granparadis.com\/de\/wp-json\/wp\/v2\/media?parent=3195"}],"curies":[{"name":"wp","href":"https:\/\/api.w.org\/{rel}","templated":true}]}}